{"id":18,"date":"2020-07-15T07:12:01","date_gmt":"2020-07-15T07:12:01","guid":{"rendered":"http:\/\/foodpassiondallas.com\/home\/"},"modified":"2024-05-01T21:06:54","modified_gmt":"2024-05-01T21:06:54","slug":"home","status":"publish","type":"page","link":"https:\/\/foodpassiondallas.com\/es\/","title":{"rendered":"Inicio"},"content":{"rendered":"<div data-elementor-type=\"wp-page\" data-elementor-id=\"18\" class=\"elementor elementor-18\">\n\t\t\t\t\t\t<section class=\"elementor-section elementor-top-section elementor-element elementor-element-e64f130 elementor-section-items-stretch elementor-section-height-min-height elementor-section-content-middle elementor-section-boxed elementor-section-height-default\" data-id=\"e64f130\" data-element_type=\"section\" data-e-type=\"section\" id=\"top\" data-settings=\"{&quot;background_background&quot;:&quot;classic&quot;}\">\n\t\t\t\t\t\t\t<div class=\"elementor-background-overlay\"><\/div>\n\t\t\t\t\t\t\t<div class=\"elementor-container elementor-column-gap-no\">\n\t\t\t\t\t<div class=\"elementor-column elementor-col-100 elementor-top-column elementor-element elementor-element-e201c07\" data-id=\"e201c07\" data-element_type=\"column\" data-e-type=\"column\">\n\t\t\t<div class=\"elementor-widget-wrap elementor-element-populated\">\n\t\t\t\t\t\t<div class=\"elementor-element elementor-element-887debd elementor-widget elementor-widget-heading\" data-id=\"887debd\" data-element_type=\"widget\" data-e-type=\"widget\" data-widget_type=\"heading.default\">\n\t\t\t\t<div class=\"elementor-widget-container\">\n\t\t\t\t\t<h1 class=\"elementor-heading-title elementor-size-xxl\">Servicios de catering para eventos<\/h1>\t\t\t\t<\/div>\n\t\t\t\t<\/div>\n\t\t\t\t\t<\/div>\n\t\t<\/div>\n\t\t\t\t\t<\/div>\n\t\t<\/section>\n\t\t\t\t<section class=\"elementor-section elementor-top-section elementor-element elementor-element-0a20220 elementor-section-boxed elementor-section-height-default elementor-section-height-default\" data-id=\"0a20220\" data-element_type=\"section\" data-e-type=\"section\" id=\"aboutus\" data-settings=\"{&quot;background_background&quot;:&quot;classic&quot;}\">\n\t\t\t\t\t\t\t<div class=\"elementor-background-overlay\"><\/div>\n\t\t\t\t\t\t\t<div class=\"elementor-container elementor-column-gap-no\">\n\t\t\t\t\t<div class=\"elementor-column elementor-col-50 elementor-top-column elementor-element elementor-element-cb92e3c\" data-id=\"cb92e3c\" data-element_type=\"column\" data-e-type=\"column\">\n\t\t\t<div class=\"elementor-widget-wrap elementor-element-populated\">\n\t\t\t\t\t\t<div class=\"elementor-element elementor-element-275c525 elementor-widget elementor-widget-text-editor\" data-id=\"275c525\" data-element_type=\"widget\" data-e-type=\"widget\" data-widget_type=\"text-editor.default\">\n\t\t\t\t<div class=\"elementor-widget-container\">\n\t\t\t\t\t\t\t\t\t<div dir=\"auto\"><div dir=\"auto\">Foodpassiondallastx es un negocio familiar\npropio de catering de alimentos.\nOfrecemos una cocina de autor\ncon una fusi\u00f3n latina \u00fanica\n\u00a1a ti y a tus invitados les encantar\u00e1!<\/div><\/div>\t\t\t\t\t\t\t\t<\/div>\n\t\t\t\t<\/div>\n\t\t\t\t<div class=\"elementor-element elementor-element-d7c85a3 elementor-widget elementor-widget-image\" data-id=\"d7c85a3\" data-element_type=\"widget\" data-e-type=\"widget\" data-widget_type=\"image.default\">\n\t\t\t\t<div class=\"elementor-widget-container\">\n\t\t\t\t\t\t\t\t\t\t\t\t\t\t\t<img fetchpriority=\"high\" decoding=\"async\" width=\"520\" height=\"346\" src=\"https:\/\/foodpassiondallas.com\/wp-content\/uploads\/2022\/07\/Passion-1.jpg\" class=\"attachment-large size-large wp-image-929\" alt=\"meat caspacho catering\" srcset=\"https:\/\/foodpassiondallas.com\/wp-content\/uploads\/2022\/07\/Passion-1.jpg 520w, https:\/\/foodpassiondallas.com\/wp-content\/uploads\/2022\/07\/Passion-1-300x200.jpg 300w, https:\/\/foodpassiondallas.com\/wp-content\/uploads\/2022\/07\/Passion-1-18x12.jpg 18w\" sizes=\"(max-width: 520px) 100vw, 520px\" \/>\t\t\t\t\t\t\t\t\t\t\t\t\t\t\t<\/div>\n\t\t\t\t<\/div>\n\t\t\t\t<div class=\"elementor-element elementor-element-34bf0f3 elementor-widget elementor-widget-text-editor\" data-id=\"34bf0f3\" data-element_type=\"widget\" data-e-type=\"widget\" data-widget_type=\"text-editor.default\">\n\t\t\t\t<div class=\"elementor-widget-container\">\n\t\t\t\t\t\t\t\t\t<div dir=\"auto\">Para foodpassion su seguridad es muy\nimportante. Por eso, todos los miembros de nuestro equipo est\u00e1n debidamente capacitados. Nosotros garantizamos un servicio limpio y seguro desde el momento en que se prepara la comida al momento en que se sirve a nuestros clientes.<\/div>\t\t\t\t\t\t\t\t<\/div>\n\t\t\t\t<\/div>\n\t\t\t\t<div class=\"elementor-element elementor-element-b66abd9 elementor-widget elementor-widget-image\" data-id=\"b66abd9\" data-element_type=\"widget\" data-e-type=\"widget\" data-widget_type=\"image.default\">\n\t\t\t\t<div class=\"elementor-widget-container\">\n\t\t\t\t\t\t\t\t\t\t\t\t\t\t\t<img decoding=\"async\" width=\"520\" height=\"346\" src=\"https:\/\/foodpassiondallas.com\/wp-content\/uploads\/2022\/07\/Catering_1.jpg\" class=\"attachment-large size-large wp-image-927\" alt=\"mini meat medallions for your event\" srcset=\"https:\/\/foodpassiondallas.com\/wp-content\/uploads\/2022\/07\/Catering_1.jpg 520w, https:\/\/foodpassiondallas.com\/wp-content\/uploads\/2022\/07\/Catering_1-300x200.jpg 300w, https:\/\/foodpassiondallas.com\/wp-content\/uploads\/2022\/07\/Catering_1-18x12.jpg 18w\" sizes=\"(max-width: 520px) 100vw, 520px\" \/>\t\t\t\t\t\t\t\t\t\t\t\t\t\t\t<\/div>\n\t\t\t\t<\/div>\n\t\t\t\t<div class=\"elementor-element elementor-element-43c81e2 elementor-widget elementor-widget-text-editor\" data-id=\"43c81e2\" data-element_type=\"widget\" data-e-type=\"widget\" data-widget_type=\"text-editor.default\">\n\t\t\t\t<div class=\"elementor-widget-container\">\n\t\t\t\t\t\t\t\t\t<div dir=\"auto\"><div dir=\"auto\">Nuestro objetivo es hacer de este evento lo m\u00e1s libre de estr\u00e9s posible para usted. Por eso, ofrecemos un servicio completo que\nincluye comida, instalaci\u00f3n, mesoneros y\nbarman. De fiestas peque\u00f1as a grandes\nbodas o eventos corporativos, nuestro equipo se complace en brindar un excelente servicio. \u00a1Estamos aqu\u00ed para ayudar! Por favor ll\u00e1menos o env\u00edanos un mensaje. \u00a1Esperamos\nconocerte!<\/div><\/div>\t\t\t\t\t\t\t\t<\/div>\n\t\t\t\t<\/div>\n\t\t\t\t\t<\/div>\n\t\t<\/div>\n\t\t\t\t<div class=\"elementor-column elementor-col-50 elementor-top-column elementor-element elementor-element-41d1e10\" data-id=\"41d1e10\" data-element_type=\"column\" data-e-type=\"column\">\n\t\t\t<div class=\"elementor-widget-wrap elementor-element-populated\">\n\t\t\t\t\t\t<div class=\"elementor-element elementor-element-e551158 elementor-widget elementor-widget-image\" data-id=\"e551158\" data-element_type=\"widget\" data-e-type=\"widget\" data-widget_type=\"image.default\">\n\t\t\t\t<div class=\"elementor-widget-container\">\n\t\t\t\t\t\t\t\t\t\t\t\t\t\t\t<img decoding=\"async\" width=\"520\" height=\"346\" src=\"https:\/\/foodpassiondallas.com\/wp-content\/uploads\/2022\/07\/Catering.jpg\" class=\"attachment-large size-large wp-image-928\" alt=\"variety of salads for catering\" srcset=\"https:\/\/foodpassiondallas.com\/wp-content\/uploads\/2022\/07\/Catering.jpg 520w, https:\/\/foodpassiondallas.com\/wp-content\/uploads\/2022\/07\/Catering-300x200.jpg 300w, https:\/\/foodpassiondallas.com\/wp-content\/uploads\/2022\/07\/Catering-18x12.jpg 18w\" sizes=\"(max-width: 520px) 100vw, 520px\" \/>\t\t\t\t\t\t\t\t\t\t\t\t\t\t\t<\/div>\n\t\t\t\t<\/div>\n\t\t\t\t<div class=\"elementor-element elementor-element-8be014f elementor-widget elementor-widget-text-editor\" data-id=\"8be014f\" data-element_type=\"widget\" data-e-type=\"widget\" data-widget_type=\"text-editor.default\">\n\t\t\t\t<div class=\"elementor-widget-container\">\n\t\t\t\t\t\t\t\t\t<div dir=\"auto\">Tenemos una variedad de paquetes.\nYa sea para un evento casual, ocasi\u00f3n formal o corporativa, personalizamos tu evento para\ncrear una experiencia memorable.<\/div>\t\t\t\t\t\t\t\t<\/div>\n\t\t\t\t<\/div>\n\t\t\t\t\t<\/div>\n\t\t<\/div>\n\t\t\t\t\t<\/div>\n\t\t<\/section>\n\t\t\t\t<section class=\"elementor-section elementor-top-section elementor-element elementor-element-2d1a270 elementor-section-boxed elementor-section-height-default elementor-section-height-default\" data-id=\"2d1a270\" data-element_type=\"section\" data-e-type=\"section\" data-settings=\"{&quot;background_background&quot;:&quot;classic&quot;}\">\n\t\t\t\t\t\t<div class=\"elementor-container elementor-column-gap-no\">\n\t\t\t\t\t<div class=\"elementor-column elementor-col-100 elementor-top-column elementor-element elementor-element-90a6ba9\" data-id=\"90a6ba9\" data-element_type=\"column\" data-e-type=\"column\">\n\t\t\t<div class=\"elementor-widget-wrap elementor-element-populated\">\n\t\t\t\t\t\t<div class=\"elementor-element elementor-element-57d2c94 elementor-widget__width-initial elementor-widget-tablet__width-initial elementor-widget-mobile__width-inherit elementor-hidden-phone elementor-widget-divider--view-line elementor-widget elementor-widget-divider\" data-id=\"57d2c94\" data-element_type=\"widget\" data-e-type=\"widget\" data-widget_type=\"divider.default\">\n\t\t\t\t<div class=\"elementor-widget-container\">\n\t\t\t\t\t\t\t<div class=\"elementor-divider\">\n\t\t\t<span class=\"elementor-divider-separator\">\n\t\t\t\t\t\t<\/span>\n\t\t<\/div>\n\t\t\t\t\t\t<\/div>\n\t\t\t\t<\/div>\n\t\t\t\t<div class=\"elementor-element elementor-element-50d1fb5 elementor-widget__width-initial elementor-widget-tablet__width-initial elementor-widget-mobile__width-inherit elementor-widget elementor-widget-heading\" data-id=\"50d1fb5\" data-element_type=\"widget\" data-e-type=\"widget\" data-widget_type=\"heading.default\">\n\t\t\t\t<div class=\"elementor-widget-container\">\n\t\t\t\t\t<h2 class=\"elementor-heading-title elementor-size-large\">Men\u00fa de cocina de fusi\u00f3n latina<\/h2>\t\t\t\t<\/div>\n\t\t\t\t<\/div>\n\t\t\t\t<div class=\"elementor-element elementor-element-af69224 elementor-widget__width-initial elementor-widget-tablet__width-initial elementor-widget-mobile__width-inherit elementor-hidden-phone elementor-widget-divider--view-line elementor-widget elementor-widget-divider\" data-id=\"af69224\" data-element_type=\"widget\" data-e-type=\"widget\" data-widget_type=\"divider.default\">\n\t\t\t\t<div class=\"elementor-widget-container\">\n\t\t\t\t\t\t\t<div class=\"elementor-divider\">\n\t\t\t<span class=\"elementor-divider-separator\">\n\t\t\t\t\t\t<\/span>\n\t\t<\/div>\n\t\t\t\t\t\t<\/div>\n\t\t\t\t<\/div>\n\t\t\t\t<div class=\"elementor-element elementor-element-6a0c7ba elementor-widget__width-initial elementor-widget-tablet__width-initial elementor-hidden-phone elementor-widget-divider--view-line elementor-widget elementor-widget-divider\" data-id=\"6a0c7ba\" data-element_type=\"widget\" data-e-type=\"widget\" data-widget_type=\"divider.default\">\n\t\t\t\t<div class=\"elementor-widget-container\">\n\t\t\t\t\t\t\t<div class=\"elementor-divider\">\n\t\t\t<span class=\"elementor-divider-separator\">\n\t\t\t\t\t\t<\/span>\n\t\t<\/div>\n\t\t\t\t\t\t<\/div>\n\t\t\t\t<\/div>\n\t\t\t\t<div class=\"elementor-element elementor-element-ea28bb7 elementor-align-center elementor-widget__width-initial elementor-widget-tablet__width-initial elementor-widget-mobile__width-inherit elementor-widget elementor-widget-button\" data-id=\"ea28bb7\" data-element_type=\"widget\" data-e-type=\"widget\" data-widget_type=\"button.default\">\n\t\t\t\t<div class=\"elementor-widget-container\">\n\t\t\t\t\t\t\t\t\t<div class=\"elementor-button-wrapper\">\n\t\t\t\t\t<a class=\"elementor-button elementor-button-link elementor-size-sm\" href=\"http:\/\/foodpassiondallas.com\/es\/menu\/\">\n\t\t\t\t\t\t<span class=\"elementor-button-content-wrapper\">\n\t\t\t\t\t\t\t\t\t<span class=\"elementor-button-text\">Ver men\u00fa<\/span>\n\t\t\t\t\t<\/span>\n\t\t\t\t\t<\/a>\n\t\t\t\t<\/div>\n\t\t\t\t\t\t\t\t<\/div>\n\t\t\t\t<\/div>\n\t\t\t\t<div class=\"elementor-element elementor-element-a08eefb elementor-widget__width-initial elementor-widget-tablet__width-initial elementor-hidden-phone elementor-widget-divider--view-line elementor-widget elementor-widget-divider\" data-id=\"a08eefb\" data-element_type=\"widget\" data-e-type=\"widget\" data-widget_type=\"divider.default\">\n\t\t\t\t<div class=\"elementor-widget-container\">\n\t\t\t\t\t\t\t<div class=\"elementor-divider\">\n\t\t\t<span class=\"elementor-divider-separator\">\n\t\t\t\t\t\t<\/span>\n\t\t<\/div>\n\t\t\t\t\t\t<\/div>\n\t\t\t\t<\/div>\n\t\t\t\t\t<\/div>\n\t\t<\/div>\n\t\t\t\t\t<\/div>\n\t\t<\/section>\n\t\t\t\t<section class=\"elementor-section elementor-top-section elementor-element elementor-element-0ef4c22 elementor-section-full_width elementor-section-height-default elementor-section-height-default\" data-id=\"0ef4c22\" data-element_type=\"section\" data-e-type=\"section\" data-settings=\"{&quot;background_background&quot;:&quot;classic&quot;}\">\n\t\t\t\t\t\t<div class=\"elementor-container elementor-column-gap-no\">\n\t\t\t\t\t<div class=\"elementor-column elementor-col-100 elementor-top-column elementor-element elementor-element-077bab6\" data-id=\"077bab6\" data-element_type=\"column\" data-e-type=\"column\">\n\t\t\t<div class=\"elementor-widget-wrap elementor-element-populated\">\n\t\t\t\t\t\t<div class=\"elementor-element elementor-element-6b584ec gallery-spacing-custom elementor-widget elementor-widget-image-gallery\" data-id=\"6b584ec\" data-element_type=\"widget\" data-e-type=\"widget\" data-widget_type=\"image-gallery.default\">\n\t\t\t\t<div class=\"elementor-widget-container\">\n\t\t\t\t\t\t\t<div class=\"elementor-image-gallery\">\n\t\t\t<div id='gallery-1' class='gallery galleryid-18 gallery-columns-3 gallery-size-medium_large'><figure class='gallery-item'>\n\t\t\t<div class='gallery-icon landscape'>\n\t\t\t\t<a data-elementor-open-lightbox=\"yes\" data-elementor-lightbox-slideshow=\"6b584ec\" data-elementor-lightbox-title=\"sweet tartlets\" data-e-action-hash=\"#elementor-action%3Aaction%3Dlightbox%26settings%3DeyJpZCI6OTIzLCJ1cmwiOiJodHRwczpcL1wvZm9vZHBhc3Npb25kYWxsYXMuY29tXC93cC1jb250ZW50XC91cGxvYWRzXC8yMDIyXC8wN1wvQ2F0ZXJpbmdfRGVzZXJ0MS5qcGciLCJzbGlkZXNob3ciOiI2YjU4NGVjIn0%3D\" href='https:\/\/foodpassiondallas.com\/wp-content\/uploads\/2022\/07\/Catering_Desert1.jpg'><img loading=\"lazy\" decoding=\"async\" width=\"640\" height=\"427\" src=\"https:\/\/foodpassiondallas.com\/wp-content\/uploads\/2022\/07\/Catering_Desert1.jpg\" class=\"attachment-medium_large size-medium_large\" alt=\"Strawberry tartlets with cream\" srcset=\"https:\/\/foodpassiondallas.com\/wp-content\/uploads\/2022\/07\/Catering_Desert1.jpg 640w, https:\/\/foodpassiondallas.com\/wp-content\/uploads\/2022\/07\/Catering_Desert1-300x200.jpg 300w, https:\/\/foodpassiondallas.com\/wp-content\/uploads\/2022\/07\/Catering_Desert1-18x12.jpg 18w\" sizes=\"(max-width: 640px) 100vw, 640px\" \/><\/a>\n\t\t\t<\/div><\/figure><figure class='gallery-item'>\n\t\t\t<div class='gallery-icon landscape'>\n\t\t\t\t<a data-elementor-open-lightbox=\"yes\" data-elementor-lightbox-slideshow=\"6b584ec\" data-elementor-lightbox-title=\"variety of foods\" data-e-action-hash=\"#elementor-action%3Aaction%3Dlightbox%26settings%3DeyJpZCI6OTI0LCJ1cmwiOiJodHRwczpcL1wvZm9vZHBhc3Npb25kYWxsYXMuY29tXC93cC1jb250ZW50XC91cGxvYWRzXC8yMDIyXC8wN1wvQ2F0ZXJpbmdfRm9vZC5qcGciLCJzbGlkZXNob3ciOiI2YjU4NGVjIn0%3D\" href='https:\/\/foodpassiondallas.com\/wp-content\/uploads\/2022\/07\/Catering_Food.jpg'><img loading=\"lazy\" decoding=\"async\" width=\"640\" height=\"427\" src=\"https:\/\/foodpassiondallas.com\/wp-content\/uploads\/2022\/07\/Catering_Food.jpg\" class=\"attachment-medium_large size-medium_large\" alt=\"ceviche tartlets and stuffed dates\" srcset=\"https:\/\/foodpassiondallas.com\/wp-content\/uploads\/2022\/07\/Catering_Food.jpg 640w, https:\/\/foodpassiondallas.com\/wp-content\/uploads\/2022\/07\/Catering_Food-300x200.jpg 300w, https:\/\/foodpassiondallas.com\/wp-content\/uploads\/2022\/07\/Catering_Food-18x12.jpg 18w\" sizes=\"(max-width: 640px) 100vw, 640px\" \/><\/a>\n\t\t\t<\/div><\/figure><figure class='gallery-item'>\n\t\t\t<div class='gallery-icon landscape'>\n\t\t\t\t<a data-elementor-open-lightbox=\"yes\" data-elementor-lightbox-slideshow=\"6b584ec\" data-elementor-lightbox-title=\"salty tartlets\" data-e-action-hash=\"#elementor-action%3Aaction%3Dlightbox%26settings%3DeyJpZCI6OTI2LCJ1cmwiOiJodHRwczpcL1wvZm9vZHBhc3Npb25kYWxsYXMuY29tXC93cC1jb250ZW50XC91cGxvYWRzXC8yMDIyXC8wN1wvRm9vZC5qcGciLCJzbGlkZXNob3ciOiI2YjU4NGVjIn0%3D\" href='https:\/\/foodpassiondallas.com\/wp-content\/uploads\/2022\/07\/Food.jpg'><img loading=\"lazy\" decoding=\"async\" width=\"640\" height=\"427\" src=\"https:\/\/foodpassiondallas.com\/wp-content\/uploads\/2022\/07\/Food.jpg\" class=\"attachment-medium_large size-medium_large\" alt=\"crab tartlets\" srcset=\"https:\/\/foodpassiondallas.com\/wp-content\/uploads\/2022\/07\/Food.jpg 640w, https:\/\/foodpassiondallas.com\/wp-content\/uploads\/2022\/07\/Food-300x200.jpg 300w, https:\/\/foodpassiondallas.com\/wp-content\/uploads\/2022\/07\/Food-18x12.jpg 18w\" sizes=\"(max-width: 640px) 100vw, 640px\" \/><\/a>\n\t\t\t<\/div><\/figure><figure class='gallery-item'>\n\t\t\t<div class='gallery-icon landscape'>\n\t\t\t\t<a data-elementor-open-lightbox=\"yes\" data-elementor-lightbox-slideshow=\"6b584ec\" data-elementor-lightbox-title=\"delicious ceviche\" data-e-action-hash=\"#elementor-action%3Aaction%3Dlightbox%26settings%3DeyJpZCI6OTI1LCJ1cmwiOiJodHRwczpcL1wvZm9vZHBhc3Npb25kYWxsYXMuY29tXC93cC1jb250ZW50XC91cGxvYWRzXC8yMDIyXC8wN1wvQ2F0ZXJpbmdfUGFzc2lvbi5qcGciLCJzbGlkZXNob3ciOiI2YjU4NGVjIn0%3D\" href='https:\/\/foodpassiondallas.com\/wp-content\/uploads\/2022\/07\/Catering_Passion.jpg'><img loading=\"lazy\" decoding=\"async\" width=\"640\" height=\"427\" src=\"https:\/\/foodpassiondallas.com\/wp-content\/uploads\/2022\/07\/Catering_Passion.jpg\" class=\"attachment-medium_large size-medium_large\" alt=\"catering ceviche starter\" srcset=\"https:\/\/foodpassiondallas.com\/wp-content\/uploads\/2022\/07\/Catering_Passion.jpg 640w, https:\/\/foodpassiondallas.com\/wp-content\/uploads\/2022\/07\/Catering_Passion-300x200.jpg 300w, https:\/\/foodpassiondallas.com\/wp-content\/uploads\/2022\/07\/Catering_Passion-18x12.jpg 18w\" sizes=\"(max-width: 640px) 100vw, 640px\" \/><\/a>\n\t\t\t<\/div><\/figure><figure class='gallery-item'>\n\t\t\t<div class='gallery-icon landscape'>\n\t\t\t\t<a data-elementor-open-lightbox=\"yes\" data-elementor-lightbox-slideshow=\"6b584ec\" data-elementor-lightbox-title=\"variety in food\" data-e-action-hash=\"#elementor-action%3Aaction%3Dlightbox%26settings%3DeyJpZCI6OTIxLCJ1cmwiOiJodHRwczpcL1wvZm9vZHBhc3Npb25kYWxsYXMuY29tXC93cC1jb250ZW50XC91cGxvYWRzXC8yMDIyXC8wN1wvQ2F0ZXJpbmdfRGFsbGFzLmpwZyIsInNsaWRlc2hvdyI6IjZiNTg0ZWMifQ%3D%3D\" href='https:\/\/foodpassiondallas.com\/wp-content\/uploads\/2022\/07\/Catering_Dallas.jpg'><img loading=\"lazy\" decoding=\"async\" width=\"640\" height=\"427\" src=\"https:\/\/foodpassiondallas.com\/wp-content\/uploads\/2022\/07\/Catering_Dallas.jpg\" class=\"attachment-medium_large size-medium_large\" alt=\"mini hamburgers and salty tartlets for your event\" srcset=\"https:\/\/foodpassiondallas.com\/wp-content\/uploads\/2022\/07\/Catering_Dallas.jpg 640w, https:\/\/foodpassiondallas.com\/wp-content\/uploads\/2022\/07\/Catering_Dallas-300x200.jpg 300w, https:\/\/foodpassiondallas.com\/wp-content\/uploads\/2022\/07\/Catering_Dallas-18x12.jpg 18w\" sizes=\"(max-width: 640px) 100vw, 640px\" \/><\/a>\n\t\t\t<\/div><\/figure><figure class='gallery-item'>\n\t\t\t<div class='gallery-icon landscape'>\n\t\t\t\t<a data-elementor-open-lightbox=\"yes\" data-elementor-lightbox-slideshow=\"6b584ec\" data-elementor-lightbox-title=\"chocolate desserts\" data-e-action-hash=\"#elementor-action%3Aaction%3Dlightbox%26settings%3DeyJpZCI6OTIyLCJ1cmwiOiJodHRwczpcL1wvZm9vZHBhc3Npb25kYWxsYXMuY29tXC93cC1jb250ZW50XC91cGxvYWRzXC8yMDIyXC8wN1wvQ2F0ZXJpbmdfRGVzZXJ0LmpwZyIsInNsaWRlc2hvdyI6IjZiNTg0ZWMifQ%3D%3D\" href='https:\/\/foodpassiondallas.com\/wp-content\/uploads\/2022\/07\/Catering_Desert.jpg'><img loading=\"lazy\" decoding=\"async\" width=\"640\" height=\"427\" src=\"https:\/\/foodpassiondallas.com\/wp-content\/uploads\/2022\/07\/Catering_Desert.jpg\" class=\"attachment-medium_large size-medium_large\" alt=\"mini brownies with chocolate topping\" srcset=\"https:\/\/foodpassiondallas.com\/wp-content\/uploads\/2022\/07\/Catering_Desert.jpg 640w, https:\/\/foodpassiondallas.com\/wp-content\/uploads\/2022\/07\/Catering_Desert-300x200.jpg 300w, https:\/\/foodpassiondallas.com\/wp-content\/uploads\/2022\/07\/Catering_Desert-18x12.jpg 18w\" sizes=\"(max-width: 640px) 100vw, 640px\" \/><\/a>\n\t\t\t<\/div><\/figure>\n\t\t<\/div>\n\t\t<\/div>\n\t\t\t\t\t\t<\/div>\n\t\t\t\t<\/div>\n\t\t\t\t\t<\/div>\n\t\t<\/div>\n\t\t\t\t\t<\/div>\n\t\t<\/section>\n\t\t\t\t<section class=\"elementor-section elementor-top-section elementor-element elementor-element-bd5838f elementor-section-boxed elementor-section-height-default elementor-section-height-default\" data-id=\"bd5838f\" data-element_type=\"section\" data-e-type=\"section\">\n\t\t\t\t\t\t<div class=\"elementor-container elementor-column-gap-default\">\n\t\t\t\t\t<div class=\"elementor-column elementor-col-100 elementor-top-column elementor-element elementor-element-83e8d00\" data-id=\"83e8d00\" data-element_type=\"column\" data-e-type=\"column\">\n\t\t\t<div class=\"elementor-widget-wrap elementor-element-populated\">\n\t\t\t\t\t\t<div class=\"elementor-element elementor-element-16fbb05 elementor-fixed elementor-view-default elementor-widget elementor-widget-icon\" data-id=\"16fbb05\" data-element_type=\"widget\" data-e-type=\"widget\" data-settings=\"{&quot;_position&quot;:&quot;fixed&quot;}\" data-widget_type=\"icon.default\">\n\t\t\t\t<div class=\"elementor-widget-container\">\n\t\t\t\t\t\t\t<div class=\"elementor-icon-wrapper\">\n\t\t\t<a class=\"elementor-icon\" href=\"#top\">\n\t\t\t<i aria-hidden=\"true\" class=\"fas fa-arrow-circle-up\"><\/i>\t\t\t<\/a>\n\t\t<\/div>\n\t\t\t\t\t\t<\/div>\n\t\t\t\t<\/div>\n\t\t\t\t\t<\/div>\n\t\t<\/div>\n\t\t\t\t\t<\/div>\n\t\t<\/section>\n\t\t\t\t<\/div>","protected":false},"excerpt":{"rendered":"<p>Catering Services for Events Foodpassiondallastx is a family\u00a0owned food catering business.\u00a0We offer a signature cuisine\u00a0menu with a unique Latin fusion\u00a0you and your guests will love! For foodpassion your safety is very important. Therefore, all our team\u00a0members are properly trained. We\u00a0guarantee a clean and safe service form\u00a0the moment the food is prepared to the moment it [&hellip;]<\/p>\n","protected":false},"author":1,"featured_media":0,"parent":0,"menu_order":0,"comment_status":"closed","ping_status":"closed","template":"","meta":{"site-sidebar-layout":"no-sidebar","site-content-layout":"page-builder","ast-site-content-layout":"default","site-content-style":"default","site-sidebar-style":"default","ast-global-header-display":"","ast-banner-title-visibility":"","ast-main-header-display":"","ast-hfb-above-header-display":"","ast-hfb-below-header-display":"","ast-hfb-mobile-header-display":"","site-post-title":"disabled","ast-breadcrumbs-content":"","ast-featured-img":"disabled","footer-sml-layout":"","ast-disable-related-posts":"","theme-transparent-header-meta":"disabled","adv-header-id-meta":"","stick-header-meta":"","header-above-stick-meta":"","header-main-stick-meta":"","header-below-stick-meta":"","astra-migrate-meta-layouts":"default","ast-page-background-enabled":"default","ast-page-background-meta":{"desktop":{"background-color":"","background-image":"","background-repeat":"repeat","background-position":"center center","background-size":"auto","background-attachment":"scroll","background-type":"","background-media":"","overlay-type":"","overlay-color":"","overlay-opacity":"","overlay-gradient":""},"tablet":{"background-color":"","background-image":"","background-repeat":"repeat","background-position":"center center","background-size":"auto","background-attachment":"scroll","background-type":"","background-media":"","overlay-type":"","overlay-color":"","overlay-opacity":"","overlay-gradient":""},"mobile":{"background-color":"","background-image":"","background-repeat":"repeat","background-position":"center center","background-size":"auto","background-attachment":"scroll","background-type":"","background-media":"","overlay-type":"","overlay-color":"","overlay-opacity":"","overlay-gradient":""}},"ast-content-background-meta":{"desktop":{"background-color":"var(--ast-global-color-5)","background-image":"","background-repeat":"repeat","background-position":"center center","background-size":"auto","background-attachment":"scroll","background-type":"","background-media":"","overlay-type":"","overlay-color":"","overlay-opacity":"","overlay-gradient":""},"tablet":{"background-color":"var(--ast-global-color-5)","background-image":"","background-repeat":"repeat","background-position":"center center","background-size":"auto","background-attachment":"scroll","background-type":"","background-media":"","overlay-type":"","overlay-color":"","overlay-opacity":"","overlay-gradient":""},"mobile":{"background-color":"var(--ast-global-color-5)","background-image":"","background-repeat":"repeat","background-position":"center center","background-size":"auto","background-attachment":"scroll","background-type":"","background-media":"","overlay-type":"","overlay-color":"","overlay-opacity":"","overlay-gradient":""}},"footnotes":""},"class_list":["post-18","page","type-page","status-publish","hentry"],"aioseo_notices":[],"_links":{"self":[{"href":"https:\/\/foodpassiondallas.com\/es\/wp-json\/wp\/v2\/pages\/18","targetHints":{"allow":["GET"]}}],"collection":[{"href":"https:\/\/foodpassiondallas.com\/es\/wp-json\/wp\/v2\/pages"}],"about":[{"href":"https:\/\/foodpassiondallas.com\/es\/wp-json\/wp\/v2\/types\/page"}],"author":[{"embeddable":true,"href":"https:\/\/foodpassiondallas.com\/es\/wp-json\/wp\/v2\/users\/1"}],"replies":[{"embeddable":true,"href":"https:\/\/foodpassiondallas.com\/es\/wp-json\/wp\/v2\/comments?post=18"}],"version-history":[{"count":17,"href":"https:\/\/foodpassiondallas.com\/es\/wp-json\/wp\/v2\/pages\/18\/revisions"}],"predecessor-version":[{"id":1211,"href":"https:\/\/foodpassiondallas.com\/es\/wp-json\/wp\/v2\/pages\/18\/revisions\/1211"}],"wp:attachment":[{"href":"https:\/\/foodpassiondallas.com\/es\/wp-json\/wp\/v2\/media?parent=18"}],"curies":[{"name":"wp","href":"https:\/\/api.w.org\/{rel}","templated":true}]}}